{"id":2687,"date":"2021-06-03T19:50:20","date_gmt":"2021-06-03T19:50:20","guid":{"rendered":"https:\/\/totalsolutionmateriais.com.br\/loja\/?post_type=product&#038;p=2687"},"modified":"2021-10-12T12:05:29","modified_gmt":"2021-10-12T12:05:29","slug":"tubo-cpvc-sch80-4%e2%80%b3-2","status":"publish","type":"product","link":"https:\/\/totalsolutionmateriais.com.br\/loja\/product\/tubo-cpvc-sch80-4%e2%80%b3-2\/","title":{"rendered":"Tubo CPVC SCH80 6\u2033"},"content":{"rendered":"<p><strong>Aplica\u00e7\u00f5es<\/strong><\/p>\n<p>CPVC\u00a0 SCH80 e sua instala\u00e7\u00e3o \u00e9 indicada para transporte de fluidos industriais e de minera\u00e7\u00e3o sob press\u00e3o. Produto leve e de r\u00e1pida e f\u00e1cil instala\u00e7\u00e3o, garantindo maior seguran\u00e7a e rapidez quando comparado \u00e0s solu\u00e7\u00f5es met\u00e1licas e pl\u00e1sticas.<\/p>\n<ul>\n<li><strong>Facilidade para instalar:\u00a0<\/strong>uso de primer e adesivo para soldagem, dispensa o uso de ferramentas.<\/li>\n<li><strong>N\u00e3o oxida e n\u00e3o corr\u00f3i:\u00a0<\/strong>vida \u00fatil prolongada, pois os tubos e conex\u00f5es n\u00e3o sofrem oxida\u00e7\u00e3o e possuem elevada resist\u00eancia a corros\u00e3o e abras\u00e3o. Os produtos ficam imunes de danos como corros\u00e3o eletroqu\u00edmica ou galv\u00e2nica.<\/li>\n<li><strong>Isolamento t\u00e9rmico:\u00a0<\/strong>excelente isolante t\u00e9rmico, garante menor perda de calor devido \u00e0 baixa condutividade t\u00e9rmica da mat\u00e9ria-prima CPVC.<\/li>\n<li><strong>Fluidez:\u00a0<\/strong>superf\u00edcie interna lisa e livre de incrusta\u00e7\u00f5es que garante menor perda de carga.<\/li>\n<li><strong>M\u00faltiplas aplica\u00e7\u00f5es:\u00a0<\/strong>pode ser utilizada em aplica\u00e7\u00f5es navais, de \u00f3leo e g\u00e1s.<\/li>\n<\/ul>\n<p><strong>Vantagens<\/strong><\/p>\n<ul>\n<li>Maior vida \u00fatil do sistema e menor \u00edndice de manuten\u00e7\u00e3o, pois possui maior estanqueidade;<\/li>\n<li>F\u00e1cil instala\u00e7\u00e3o: tr\u00eas vezes mais r\u00e1pida que o sistema tradicional;<\/li>\n<li>Excelente capacidade hidr\u00e1ulica: suporta altas temperaturas e intemp\u00e9ries;<\/li>\n<li>Livre de rugosidade, o que aumenta efici\u00eancia energ\u00e9tica do sistema;<\/li>\n<li>Certifica\u00e7\u00e3o NSF de potabilidade do material;<\/li>\n<li>Certifica\u00e7\u00e3o ABS Offshore, para fornecimento de material em plataformas da Petrobr\u00e1s;<\/li>\n<li>Material muito mais leve que solu\u00e7\u00f5es met\u00e1licas e solda por adesivo, sem necessidade de ferramentas de solda;<\/li>\n<\/ul>\n<p>&nbsp;<\/p>\n","protected":false},"excerpt":{"rendered":"<p>CPVC\u00a0 SCH80 e sua instala\u00e7\u00e3o \u00e9 indicada para transporte de fluidos industriais e de minera\u00e7\u00e3o sob press\u00e3o. Produto leve e de r\u00e1pida e f\u00e1cil instala\u00e7\u00e3o, garantindo maior seguran\u00e7a e rapidez quando comparado \u00e0s solu\u00e7\u00f5es met\u00e1licas e pl\u00e1sticas.<\/p>\n","protected":false},"featured_media":2671,"template":"","meta":[],"product_cat":[99,147],"product_tag":[],"class_list":["post-2687","product","type-product","status-publish","has-post-thumbnail","hentry","product_cat-hidraulica","product_cat-cpvc-sch80"],"_links":{"self":[{"href":"https:\/\/totalsolutionmateriais.com.br\/loja\/wp-json\/wp\/v2\/product\/2687","targetHints":{"allow":["GET"]}}],"collection":[{"href":"https:\/\/totalsolutionmateriais.com.br\/loja\/wp-json\/wp\/v2\/product"}],"about":[{"href":"https:\/\/totalsolutionmateriais.com.br\/loja\/wp-json\/wp\/v2\/types\/product"}],"wp:featuredmedia":[{"embeddable":true,"href":"https:\/\/totalsolutionmateriais.com.br\/loja\/wp-json\/wp\/v2\/media\/2671"}],"wp:attachment":[{"href":"https:\/\/totalsolutionmateriais.com.br\/loja\/wp-json\/wp\/v2\/media?parent=2687"}],"wp:term":[{"taxonomy":"product_cat","embeddable":true,"href":"https:\/\/totalsolutionmateriais.com.br\/loja\/wp-json\/wp\/v2\/product_cat?post=2687"},{"taxonomy":"product_tag","embeddable":true,"href":"https:\/\/totalsolutionmateriais.com.br\/loja\/wp-json\/wp\/v2\/product_tag?post=2687"}],"curies":[{"name":"wp","href":"https:\/\/api.w.org\/{rel}","templated":true}]}}